{"id":89,"date":"2024-06-03T15:32:19","date_gmt":"2024-06-03T13:32:19","guid":{"rendered":"https:\/\/animation-sono-dj.fr\/?page_id=89"},"modified":"2024-10-18T09:54:33","modified_gmt":"2024-10-18T07:54:33","slug":"animation-dj","status":"publish","type":"page","link":"https:\/\/animation-sono-dj.fr\/","title":{"rendered":"ASDJ"},"content":{"rendered":"\n<p><\/p>\n\n\n\n<p class=\"has-text-align-center\">ANIMATION SONO DJ<\/p>\n\n\n\n<p><\/p>\n\n\n\n<p><\/p>\n\n\n\n<p>Transformez vos \u00e9v\u00e9nements en moments inoubliables avec ASDJ, votre DJ animateur professionnel. Sp\u00e9cialis\u00e9 dans l\u2019animation de r\u00e9ceptions, mariages, anniversaires, et \u00e9v\u00e9nements d\u2019entreprise, je vous propose des prestations sur mesure pour faire vibrer vos invit\u00e9s. Avec un large r\u00e9pertoire musical et un sens aigu de l\u2019animation, je cr\u00e9e une ambiance festive et conviviale, adapt\u00e9e \u00e0 tous les go\u00fbts et \u00e0 toutes les g\u00e9n\u00e9rations.<\/p>\n\n\n<div class=\"wp-block-image\">\n<figure class=\"aligncenter size-full is-resized\"><img loading=\"lazy\" decoding=\"async\" width=\"942\" height=\"623\" src=\"https:\/\/animation-sono-dj.fr\/wp-content\/uploads\/2024\/06\/image.png\" alt=\"\" class=\"wp-image-97\" style=\"width:496px;height:auto\" srcset=\"https:\/\/animation-sono-dj.fr\/wp-content\/uploads\/2024\/06\/image.png 942w, https:\/\/animation-sono-dj.fr\/wp-content\/uploads\/2024\/06\/image-300x198.png 300w, https:\/\/animation-sono-dj.fr\/wp-content\/uploads\/2024\/06\/image-768x508.png 768w\" sizes=\"auto, (max-width: 942px) 100vw, 942px\" \/><\/figure>\n<\/div>\n\n\n<p>Mon mat\u00e9riel de sonorisation et d\u2019\u00e9clairage de qualit\u00e9 garantit une exp\u00e9rience sonore et visuelle exceptionnelle. Que vous souhaitiez une ambiance chic et \u00e9l\u00e9gante ou une soir\u00e9e dynamique et \u00e9nergique, je m\u2019adapte \u00e0 vos envies pour faire de votre \u00e9v\u00e9nement un succ\u00e8s.<\/p>\n\n\n<div class=\"wp-block-image\">\n<figure class=\"aligncenter size-full\"><img loading=\"lazy\" decoding=\"async\" width=\"809\" height=\"540\" src=\"https:\/\/animation-sono-dj.fr\/wp-content\/uploads\/2024\/06\/image-1.png\" alt=\"\" class=\"wp-image-98\" srcset=\"https:\/\/animation-sono-dj.fr\/wp-content\/uploads\/2024\/06\/image-1.png 809w, https:\/\/animation-sono-dj.fr\/wp-content\/uploads\/2024\/06\/image-1-300x200.png 300w, https:\/\/animation-sono-dj.fr\/wp-content\/uploads\/2024\/06\/image-1-768x513.png 768w\" sizes=\"auto, (max-width: 809px) 100vw, 809px\" \/><\/figure>\n<\/div>\n\n\n<p class=\"has-text-align-center\">Photo:&nbsp;<a href=\"http:\/\/mariage%20avec%20https\/\/www.castlekey.com\" target=\"_blank\" rel=\"noreferrer noopener\">Mariage organis\u00e9 avec https:\/\/www.castlekey.com<\/a><\/p>\n\n\n\n<p>Faites confiance \u00e0 mon expertise pour des moments magiques et inoubliables. R\u00e9servez d\u00e8s maintenant et faites de votre \u00e9v\u00e9nement une f\u00eate m\u00e9morable !<\/p>\n\n\n\n<p><\/p>\n\n\n\n<p class=\"has-text-align-center\">Contactez-nous :<\/p>\n\n\n\n<p class=\"has-text-align-center\">Par t\u00e9l\u00e9phone : 06.78.01.44.04<\/p>\n\n\n\n<p class=\"has-text-align-center\">Par email : contact@animation-sono-dj.fr<\/p>\n\n\n<div class=\"wp-block-image is-style-rounded\">\n<figure class=\"aligncenter size-large is-resized\"><img loading=\"lazy\" decoding=\"async\" width=\"1024\" height=\"768\" src=\"https:\/\/animation-sono-dj.fr\/wp-content\/uploads\/2024\/09\/20240728_014249-2-1024x768.jpg\" alt=\"\" class=\"wp-image-152\" style=\"width:534px;height:auto\" srcset=\"https:\/\/animation-sono-dj.fr\/wp-content\/uploads\/2024\/09\/20240728_014249-2-1024x768.jpg 1024w, https:\/\/animation-sono-dj.fr\/wp-content\/uploads\/2024\/09\/20240728_014249-2-300x225.jpg 300w, https:\/\/animation-sono-dj.fr\/wp-content\/uploads\/2024\/09\/20240728_014249-2-768x576.jpg 768w, https:\/\/animation-sono-dj.fr\/wp-content\/uploads\/2024\/09\/20240728_014249-2-1536x1152.jpg 1536w, https:\/\/animation-sono-dj.fr\/wp-content\/uploads\/2024\/09\/20240728_014249-2-2048x1536.jpg 2048w\" sizes=\"auto, (max-width: 1024px) 100vw, 1024px\" \/><\/figure>\n<\/div>\n\n\n<p><\/p>\n\n\n\n<p><\/p>\n\n\n\n<p>Partenaires: <\/p>\n\n\n\n<p><a href=\"http:\/\/lesfoueesdantan.fr\/\">http:\/\/lesfoueesdantan.fr\/<\/a>   <\/p>\n\n\n\n<figure class=\"wp-block-image size-full is-resized\"><img loading=\"lazy\" decoding=\"async\" width=\"600\" height=\"300\" src=\"https:\/\/animation-sono-dj.fr\/wp-content\/uploads\/2024\/09\/image.jpeg\" alt=\"L\u2019attribut alt de cette image est vide, son nom de fichier est fouees.jpg.\" class=\"wp-image-172\" style=\"width:229px;height:auto\" srcset=\"https:\/\/animation-sono-dj.fr\/wp-content\/uploads\/2024\/09\/image.jpeg 600w, https:\/\/animation-sono-dj.fr\/wp-content\/uploads\/2024\/09\/image-300x150.jpeg 300w\" sizes=\"auto, (max-width: 600px) 100vw, 600px\" \/><\/figure>\n\n\n\n<p>http:\/\/www.aireventlocation.fr\/<\/p>\n\n\n\n<figure class=\"wp-block-image size-large is-resized\"><img loading=\"lazy\" decoding=\"async\" width=\"1024\" height=\"768\" src=\"https:\/\/animation-sono-dj.fr\/wp-content\/uploads\/2024\/09\/20240816_211604-1024x768.jpg\" alt=\"\" class=\"wp-image-173\" style=\"width:229px;height:auto\" srcset=\"https:\/\/animation-sono-dj.fr\/wp-content\/uploads\/2024\/09\/20240816_211604-1024x768.jpg 1024w, https:\/\/animation-sono-dj.fr\/wp-content\/uploads\/2024\/09\/20240816_211604-300x225.jpg 300w, https:\/\/animation-sono-dj.fr\/wp-content\/uploads\/2024\/09\/20240816_211604-768x576.jpg 768w, https:\/\/animation-sono-dj.fr\/wp-content\/uploads\/2024\/09\/20240816_211604-1536x1152.jpg 1536w, https:\/\/animation-sono-dj.fr\/wp-content\/uploads\/2024\/09\/20240816_211604-2048x1536.jpg 2048w\" sizes=\"auto, (max-width: 1024px) 100vw, 1024px\" \/><\/figure>\n\n\n\n<p>entreprise sonodu49, siren:842647075<\/p>\n","protected":false},"excerpt":{"rendered":"<p>ANIMATION SONO DJ Transformez vos \u00e9v\u00e9nements en moments inoubliables avec ASDJ, votre DJ animateur professionnel. Sp\u00e9cialis\u00e9 dans l\u2019animation de r\u00e9ceptions, mariages, anniversaires, et \u00e9v\u00e9nements d\u2019entreprise, [&hellip;]<\/p>\n","protected":false},"author":1,"featured_media":145,"parent":0,"menu_order":0,"comment_status":"closed","ping_status":"closed","template":"","meta":{"footnotes":""},"class_list":["post-89","page","type-page","status-publish","has-post-thumbnail","hentry"],"_links":{"self":[{"href":"https:\/\/animation-sono-dj.fr\/index.php\/wp-json\/wp\/v2\/pages\/89","targetHints":{"allow":["GET"]}}],"collection":[{"href":"https:\/\/animation-sono-dj.fr\/index.php\/wp-json\/wp\/v2\/pages"}],"about":[{"href":"https:\/\/animation-sono-dj.fr\/index.php\/wp-json\/wp\/v2\/types\/page"}],"author":[{"embeddable":true,"href":"https:\/\/animation-sono-dj.fr\/index.php\/wp-json\/wp\/v2\/users\/1"}],"replies":[{"embeddable":true,"href":"https:\/\/animation-sono-dj.fr\/index.php\/wp-json\/wp\/v2\/comments?post=89"}],"version-history":[{"count":24,"href":"https:\/\/animation-sono-dj.fr\/index.php\/wp-json\/wp\/v2\/pages\/89\/revisions"}],"predecessor-version":[{"id":178,"href":"https:\/\/animation-sono-dj.fr\/index.php\/wp-json\/wp\/v2\/pages\/89\/revisions\/178"}],"wp:featuredmedia":[{"embeddable":true,"href":"https:\/\/animation-sono-dj.fr\/index.php\/wp-json\/wp\/v2\/media\/145"}],"wp:attachment":[{"href":"https:\/\/animation-sono-dj.fr\/index.php\/wp-json\/wp\/v2\/media?parent=89"}],"curies":[{"name":"wp","href":"https:\/\/api.w.org\/{rel}","templated":true}]}}