{"id":26,"date":"2024-05-30T10:42:19","date_gmt":"2024-05-30T08:42:19","guid":{"rendered":"https:\/\/animation-sono-dj.fr\/?page_id=26"},"modified":"2024-10-18T09:56:10","modified_gmt":"2024-10-18T07:56:10","slug":"location-sono-lumieres","status":"publish","type":"page","link":"https:\/\/animation-sono-dj.fr\/index.php\/location-sono-lumieres\/","title":{"rendered":"Location sono lumi\u00e8res"},"content":{"rendered":"\n<p>Vous souhaitez g\u00e9rer vous m\u00eame la musique et les lumi\u00e8res. R\u00e9gis met \u00e0 votre disposition une sono et des lumi\u00e8res adapt\u00e9es \u00e0 votre r\u00e9ception. A partir de 80\u20ac.<\/p>\n\n\n<div class=\"wp-block-image\">\n<figure class=\"aligncenter is-resized\"><img decoding=\"async\" src=\"https:\/\/static.sonovente.com\/img\/library\/zoom\/59\/450\/59676_5.jpg\" alt=\"\" style=\"width:278px;height:auto\"\/><\/figure>\n<\/div>\n\n<div class=\"wp-block-image\">\n<figure class=\"aligncenter is-resized\"><img decoding=\"async\" src=\"https:\/\/static.sonovente.com\/img\/library\/zoom\/73\/450\/73745_1.jpg\" alt=\"\" style=\"width:317px;height:auto\"\/><\/figure>\n<\/div>\n\n\n<p class=\"has-text-align-center\">Contactez-nous :<\/p>\n\n\n\n<p class=\"has-text-align-center\">Par t\u00e9l\u00e9phone : 06.78.01.44.04<\/p>\n\n\n\n<p class=\"has-text-align-center\">Par email : contact@animation-sono-dj.fr<\/p>\n","protected":false},"excerpt":{"rendered":"<p>Vous souhaitez g\u00e9rer vous m\u00eame la musique et les lumi\u00e8res. R\u00e9gis met \u00e0 votre disposition une sono et des lumi\u00e8res adapt\u00e9es \u00e0 votre r\u00e9ception. A [&hellip;]<\/p>\n","protected":false},"author":1,"featured_media":0,"parent":0,"menu_order":0,"comment_status":"closed","ping_status":"closed","template":"","meta":{"footnotes":""},"class_list":["post-26","page","type-page","status-publish","hentry"],"_links":{"self":[{"href":"https:\/\/animation-sono-dj.fr\/index.php\/wp-json\/wp\/v2\/pages\/26","targetHints":{"allow":["GET"]}}],"collection":[{"href":"https:\/\/animation-sono-dj.fr\/index.php\/wp-json\/wp\/v2\/pages"}],"about":[{"href":"https:\/\/animation-sono-dj.fr\/index.php\/wp-json\/wp\/v2\/types\/page"}],"author":[{"embeddable":true,"href":"https:\/\/animation-sono-dj.fr\/index.php\/wp-json\/wp\/v2\/users\/1"}],"replies":[{"embeddable":true,"href":"https:\/\/animation-sono-dj.fr\/index.php\/wp-json\/wp\/v2\/comments?post=26"}],"version-history":[{"count":7,"href":"https:\/\/animation-sono-dj.fr\/index.php\/wp-json\/wp\/v2\/pages\/26\/revisions"}],"predecessor-version":[{"id":180,"href":"https:\/\/animation-sono-dj.fr\/index.php\/wp-json\/wp\/v2\/pages\/26\/revisions\/180"}],"wp:attachment":[{"href":"https:\/\/animation-sono-dj.fr\/index.php\/wp-json\/wp\/v2\/media?parent=26"}],"curies":[{"name":"wp","href":"https:\/\/api.w.org\/{rel}","templated":true}]}}